{"id":1851,"date":"2021-08-26T08:55:00","date_gmt":"2021-08-26T06:55:00","guid":{"rendered":"https:\/\/beast-hunter.com\/beasthunter\/?page_id=1851"},"modified":"2022-05-25T10:34:59","modified_gmt":"2022-05-25T08:34:59","slug":"homepage-new","status":"publish","type":"page","link":"https:\/\/beast-hunter.com\/beasthunter\/","title":{"rendered":"Luky, ku\u0161e, dopl\u0148ky pro st\u0159elbu a outdoor"},"content":{"rendered":"\t\t<div data-elementor-type=\"wp-page\" data-elementor-id=\"1851\" class=\"elementor elementor-1851\">\n\t\t\t\t\t\t\t\t\t<section class=\"has_eae_slider elementor-section elementor-top-section elementor-element elementor-element-6bf4038 elementor-section-full_width elementor-section-height-full elementor-section-content-bottom elementor-hidden-phone elementor-section-height-default elementor-section-items-middle\" data-id=\"6bf4038\" data-element_type=\"section\" data-settings=\"{&quot;background_background&quot;:&quot;classic&quot;}\">\n\t\t\t\t\t\t\t<div class=\"elementor-background-overlay\"><\/div>\n\t\t\t\t\t\t\t<div class=\"elementor-container elementor-column-gap-default\">\n\t\t\t\t\t<div data-wts-url=\"https:\/\/beast-hunter.com\/beasthunter\/luky\/\" data-wts-link=\"yes\" data-wts-new-window=\"\" class=\"has_eae_slider elementor-column elementor-col-25 elementor-top-column elementor-element elementor-element-e0a05af ae-link-yes\" data-id=\"e0a05af\" data-element_type=\"column\" data-settings=\"{&quot;background_background&quot;:&quot;classic&quot;}\">\n\t\t\t<div class=\"elementor-widget-wrap elementor-element-populated\">\n\t\t\t\t\t<div class=\"elementor-background-overlay\"><\/div>\n\t\t\t\t\t\t\t\t<div class=\"elementor-element elementor-element-9e47d62 elementor-absolute elementor-widget elementor-widget-text-editor\" data-id=\"9e47d62\" data-element_type=\"widget\" data-settings=\"{&quot;_position&quot;:&quot;absolute&quot;,&quot;_animation&quot;:&quot;none&quot;}\" data-widget_type=\"text-editor.default\">\n\t\t\t\t<div class=\"elementor-widget-container\">\n\t\t\t\t\t\t\t\t\t\t\t\t\t<\/div>\n\t\t\t\t<\/div>\n\t\t\t\t\t<\/div>\n\t\t<\/div>\n\t\t\t\t<div data-wts-url=\"https:\/\/beast-hunter.com\/beasthunter\/kuse\/\" data-wts-link=\"yes\" data-wts-new-window=\"\" class=\"has_eae_slider elementor-column elementor-col-25 elementor-top-column elementor-element elementor-element-5c706ba ae-link-yes\" data-id=\"5c706ba\" data-element_type=\"column\" data-settings=\"{&quot;background_background&quot;:&quot;classic&quot;,&quot;animation&quot;:&quot;none&quot;}\">\n\t\t\t<div class=\"elementor-widget-wrap elementor-element-populated\">\n\t\t\t\t\t\t\t\t<div class=\"elementor-element elementor-element-a1e3d7d elementor-absolute elementor-widget elementor-widget-text-editor\" data-id=\"a1e3d7d\" data-element_type=\"widget\" data-settings=\"{&quot;_position&quot;:&quot;absolute&quot;}\" data-widget_type=\"text-editor.default\">\n\t\t\t\t<div class=\"elementor-widget-container\">\n\t\t\t\t\t\t\t\t\t\t\t\t\t<\/div>\n\t\t\t\t<\/div>\n\t\t\t\t\t<\/div>\n\t\t<\/div>\n\t\t\t\t<div data-wts-url=\"https:\/\/beast-hunter.com\/beasthunter\/vzduchovky\/\" data-wts-link=\"yes\" data-wts-new-window=\"\" class=\"has_eae_slider elementor-column elementor-col-25 elementor-top-column elementor-element elementor-element-69e4ff2 ae-link-yes\" data-id=\"69e4ff2\" data-element_type=\"column\" data-settings=\"{&quot;background_background&quot;:&quot;classic&quot;}\">\n\t\t\t<div class=\"elementor-widget-wrap elementor-element-populated\">\n\t\t\t\t\t\t\t\t<div class=\"elementor-element elementor-element-90830ab elementor-absolute elementor-widget elementor-widget-text-editor\" data-id=\"90830ab\" data-element_type=\"widget\" data-settings=\"{&quot;_position&quot;:&quot;absolute&quot;}\" data-widget_type=\"text-editor.default\">\n\t\t\t\t<div class=\"elementor-widget-container\">\n\t\t\t\t\t\t\t\t\t\t\t\t\t<\/div>\n\t\t\t\t<\/div>\n\t\t\t\t<div class=\"elementor-element elementor-element-6ae0246 elementor-absolute elementor-widget elementor-widget-text-editor\" data-id=\"6ae0246\" data-element_type=\"widget\" data-settings=\"{&quot;_position&quot;:&quot;absolute&quot;}\" data-widget_type=\"text-editor.default\">\n\t\t\t\t<div class=\"elementor-widget-container\">\n\t\t\t\t\t\t\t\t\t\t\t\t\t<\/div>\n\t\t\t\t<\/div>\n\t\t\t\t\t<\/div>\n\t\t<\/div>\n\t\t\t\t<div data-wts-url=\"https:\/\/beast-hunter.com\/beasthunter\/outdoor\/\" data-wts-link=\"yes\" data-wts-new-window=\"\" class=\"has_eae_slider elementor-column elementor-col-25 elementor-top-column elementor-element elementor-element-e3cb103 ae-link-yes\" data-id=\"e3cb103\" data-element_type=\"column\" data-settings=\"{&quot;background_background&quot;:&quot;classic&quot;}\">\n\t\t\t<div class=\"elementor-widget-wrap elementor-element-populated\">\n\t\t\t\t\t<div class=\"elementor-background-overlay\"><\/div>\n\t\t\t\t\t\t\t\t<section class=\"has_eae_slider elementor-section elementor-inner-section elementor-element elementor-element-5969cdc elementor-section-boxed elementor-section-height-default elementor-section-height-default\" data-id=\"5969cdc\" data-element_type=\"section\">\n\t\t\t\t\t\t<div class=\"elementor-container elementor-column-gap-default\">\n\t\t\t\t\t<div class=\"has_eae_slider elementor-column elementor-col-50 elementor-inner-column elementor-element elementor-element-f42028f\" data-id=\"f42028f\" data-element_type=\"column\">\n\t\t\t<div class=\"elementor-widget-wrap\">\n\t\t\t\t\t\t\t\t\t<\/div>\n\t\t<\/div>\n\t\t\t\t<div class=\"has_eae_slider elementor-column elementor-col-50 elementor-inner-column elementor-element elementor-element-314ca3e\" data-id=\"314ca3e\" data-element_type=\"column\">\n\t\t\t<div class=\"elementor-widget-wrap\">\n\t\t\t\t\t\t\t\t\t<\/div>\n\t\t<\/div>\n\t\t\t\t\t\t\t<\/div>\n\t\t<\/section>\n\t\t\t\t\t<\/div>\n\t\t<\/div>\n\t\t\t\t\t\t\t<\/div>\n\t\t<\/section>\n\t\t\t\t<section class=\"has_eae_slider elementor-section elementor-top-section elementor-element elementor-element-cfe74e3 elementor-reverse-mobile elementor-hidden-desktop elementor-section-boxed elementor-section-height-default elementor-section-height-default\" data-id=\"cfe74e3\" data-element_type=\"section\">\n\t\t\t\t\t\t<div class=\"elementor-container elementor-column-gap-default\">\n\t\t\t\t\t<div class=\"has_eae_slider elementor-column elementor-col-25 elementor-top-column elementor-element elementor-element-abc735a\" data-id=\"abc735a\" data-element_type=\"column\">\n\t\t\t<div class=\"elementor-widget-wrap elementor-element-populated\">\n\t\t\t\t\t\t\t\t<div class=\"elementor-element elementor-element-0d9e5a1 elementor-widget elementor-widget-image\" data-id=\"0d9e5a1\" data-element_type=\"widget\" data-widget_type=\"image.default\">\n\t\t\t\t<div class=\"elementor-widget-container\">\n\t\t\t\t\t\t\t\t\t\t\t\t\t\t\t\t<a href=\"https:\/\/beast-hunter.com\/beasthunter\/outdoor\/\">\n\t\t\t\t\t\t\t<img loading=\"lazy\" decoding=\"async\" width=\"800\" height=\"421\" src=\"https:\/\/beast-hunter.com\/beasthunter\/wp-content\/uploads\/2021\/08\/OUTDOOR-1-1024x539.jpg\" class=\"attachment-large size-large wp-image-1972\" alt=\"\" srcset=\"https:\/\/beast-hunter.com\/beasthunter\/wp-content\/uploads\/2021\/08\/OUTDOOR-1-1024x539.jpg 1024w, https:\/\/beast-hunter.com\/beasthunter\/wp-content\/uploads\/2021\/08\/OUTDOOR-1-300x158.jpg 300w, https:\/\/beast-hunter.com\/beasthunter\/wp-content\/uploads\/2021\/08\/OUTDOOR-1-768x404.jpg 768w, https:\/\/beast-hunter.com\/beasthunter\/wp-content\/uploads\/2021\/08\/OUTDOOR-1-1536x808.jpg 1536w, https:\/\/beast-hunter.com\/beasthunter\/wp-content\/uploads\/2021\/08\/OUTDOOR-1.jpg 2000w\" sizes=\"auto, (max-width: 800px) 100vw, 800px\" \/>\t\t\t\t\t\t\t\t<\/a>\n\t\t\t\t\t\t\t\t\t\t\t\t\t\t\t<\/div>\n\t\t\t\t<\/div>\n\t\t\t\t\t<\/div>\n\t\t<\/div>\n\t\t\t\t<div class=\"has_eae_slider elementor-column elementor-col-25 elementor-top-column elementor-element elementor-element-fe72abe\" data-id=\"fe72abe\" data-element_type=\"column\">\n\t\t\t<div class=\"elementor-widget-wrap elementor-element-populated\">\n\t\t\t\t\t\t\t\t<div class=\"elementor-element elementor-element-9fd9bc9 elementor-widget elementor-widget-image\" data-id=\"9fd9bc9\" data-element_type=\"widget\" data-widget_type=\"image.default\">\n\t\t\t\t<div class=\"elementor-widget-container\">\n\t\t\t\t\t\t\t\t\t\t\t\t\t\t\t\t<a href=\"https:\/\/beast-hunter.com\/beasthunter\/vzduchovky\/\">\n\t\t\t\t\t\t\t<img loading=\"lazy\" decoding=\"async\" width=\"800\" height=\"421\" src=\"https:\/\/beast-hunter.com\/beasthunter\/wp-content\/uploads\/2021\/08\/VZDUCHOVKY-1-1024x539.jpg\" class=\"attachment-large size-large wp-image-1973\" alt=\"\" srcset=\"https:\/\/beast-hunter.com\/beasthunter\/wp-content\/uploads\/2021\/08\/VZDUCHOVKY-1-1024x539.jpg 1024w, https:\/\/beast-hunter.com\/beasthunter\/wp-content\/uploads\/2021\/08\/VZDUCHOVKY-1-300x158.jpg 300w, https:\/\/beast-hunter.com\/beasthunter\/wp-content\/uploads\/2021\/08\/VZDUCHOVKY-1-768x404.jpg 768w, https:\/\/beast-hunter.com\/beasthunter\/wp-content\/uploads\/2021\/08\/VZDUCHOVKY-1-1536x808.jpg 1536w, https:\/\/beast-hunter.com\/beasthunter\/wp-content\/uploads\/2021\/08\/VZDUCHOVKY-1.jpg 2000w\" sizes=\"auto, (max-width: 800px) 100vw, 800px\" \/>\t\t\t\t\t\t\t\t<\/a>\n\t\t\t\t\t\t\t\t\t\t\t\t\t\t\t<\/div>\n\t\t\t\t<\/div>\n\t\t\t\t\t<\/div>\n\t\t<\/div>\n\t\t\t\t<div class=\"has_eae_slider elementor-column elementor-col-25 elementor-top-column elementor-element elementor-element-9690bed\" data-id=\"9690bed\" data-element_type=\"column\">\n\t\t\t<div class=\"elementor-widget-wrap elementor-element-populated\">\n\t\t\t\t\t\t\t\t<div class=\"elementor-element elementor-element-5705c25 elementor-widget elementor-widget-image\" data-id=\"5705c25\" data-element_type=\"widget\" data-widget_type=\"image.default\">\n\t\t\t\t<div class=\"elementor-widget-container\">\n\t\t\t\t\t\t\t\t\t\t\t\t\t\t\t\t<a href=\"https:\/\/beast-hunter.com\/beasthunter\/kuse\/\">\n\t\t\t\t\t\t\t<img loading=\"lazy\" decoding=\"async\" width=\"800\" height=\"421\" src=\"https:\/\/beast-hunter.com\/beasthunter\/wp-content\/uploads\/2021\/08\/kuse-test-1024x539.jpg\" class=\"attachment-large size-large wp-image-1943\" alt=\"\" srcset=\"https:\/\/beast-hunter.com\/beasthunter\/wp-content\/uploads\/2021\/08\/kuse-test-1024x539.jpg 1024w, https:\/\/beast-hunter.com\/beasthunter\/wp-content\/uploads\/2021\/08\/kuse-test-300x158.jpg 300w, https:\/\/beast-hunter.com\/beasthunter\/wp-content\/uploads\/2021\/08\/kuse-test-768x404.jpg 768w, https:\/\/beast-hunter.com\/beasthunter\/wp-content\/uploads\/2021\/08\/kuse-test-1536x808.jpg 1536w, https:\/\/beast-hunter.com\/beasthunter\/wp-content\/uploads\/2021\/08\/kuse-test.jpg 2000w\" sizes=\"auto, (max-width: 800px) 100vw, 800px\" \/>\t\t\t\t\t\t\t\t<\/a>\n\t\t\t\t\t\t\t\t\t\t\t\t\t\t\t<\/div>\n\t\t\t\t<\/div>\n\t\t\t\t\t<\/div>\n\t\t<\/div>\n\t\t\t\t<div class=\"has_eae_slider elementor-column elementor-col-25 elementor-top-column elementor-element elementor-element-e9d16cc\" data-id=\"e9d16cc\" data-element_type=\"column\">\n\t\t\t<div class=\"elementor-widget-wrap elementor-element-populated\">\n\t\t\t\t\t\t\t\t<div class=\"elementor-element elementor-element-b042b54 elementor-widget elementor-widget-image\" data-id=\"b042b54\" data-element_type=\"widget\" data-widget_type=\"image.default\">\n\t\t\t\t<div class=\"elementor-widget-container\">\n\t\t\t\t\t\t\t\t\t\t\t\t\t\t\t\t<a href=\"https:\/\/beast-hunter.com\/beasthunter\/luky\/\">\n\t\t\t\t\t\t\t<img loading=\"lazy\" decoding=\"async\" width=\"800\" height=\"421\" src=\"https:\/\/beast-hunter.com\/beasthunter\/wp-content\/uploads\/2021\/08\/LUKY-1024x539.jpg\" class=\"attachment-large size-large wp-image-1971\" alt=\"\" srcset=\"https:\/\/beast-hunter.com\/beasthunter\/wp-content\/uploads\/2021\/08\/LUKY-1024x539.jpg 1024w, https:\/\/beast-hunter.com\/beasthunter\/wp-content\/uploads\/2021\/08\/LUKY-300x158.jpg 300w, https:\/\/beast-hunter.com\/beasthunter\/wp-content\/uploads\/2021\/08\/LUKY-768x404.jpg 768w, https:\/\/beast-hunter.com\/beasthunter\/wp-content\/uploads\/2021\/08\/LUKY-1536x808.jpg 1536w, https:\/\/beast-hunter.com\/beasthunter\/wp-content\/uploads\/2021\/08\/LUKY.jpg 2000w\" sizes=\"auto, (max-width: 800px) 100vw, 800px\" \/>\t\t\t\t\t\t\t\t<\/a>\n\t\t\t\t\t\t\t\t\t\t\t\t\t\t\t<\/div>\n\t\t\t\t<\/div>\n\t\t\t\t\t<\/div>\n\t\t<\/div>\n\t\t\t\t\t\t\t<\/div>\n\t\t<\/section>\n\t\t\t\t\t\t\t<\/div>\n\t\t","protected":false},"excerpt":{"rendered":"","protected":false},"author":1,"featured_media":0,"parent":0,"menu_order":0,"comment_status":"closed","ping_status":"closed","template":"","meta":{"footnotes":""},"class_list":["post-1851","page","type-page","status-publish","hentry"],"yoast_head":"<!-- This site is optimized with the Yoast SEO plugin v18.1 - https:\/\/yoast.com\/wordpress\/plugins\/seo\/ -->\n<title>Luky, ku\u0161e, dopl\u0148ky pro st\u0159elbu a outdoor - Beast Hunter<\/title>\n<meta name=\"description\" content=\"Beast Hunter nab\u00edz\u00ed \u0161irok\u00fd sortiment zam\u011b\u0159en\u00fd na lukost\u0159elbu, ku\u0161ost\u0159elbu, outdoor dopl\u0148ky a p\u0159\u00edslu\u0161enstv\u00ed pro vzduchovky.\" \/>\n<meta name=\"robots\" content=\"index, follow, max-snippet:-1, max-image-preview:large, max-video-preview:-1\" \/>\n<link rel=\"canonical\" href=\"https:\/\/beast-hunter.com\/beasthunter\/\" \/>\n<meta property=\"og:locale\" content=\"cs_CZ\" \/>\n<meta property=\"og:type\" content=\"article\" \/>\n<meta property=\"og:title\" content=\"Luky, ku\u0161e, dopl\u0148ky pro st\u0159elbu a outdoor - Beast Hunter\" \/>\n<meta property=\"og:description\" content=\"Beast Hunter nab\u00edz\u00ed \u0161irok\u00fd sortiment zam\u011b\u0159en\u00fd na lukost\u0159elbu, ku\u0161ost\u0159elbu, outdoor dopl\u0148ky a p\u0159\u00edslu\u0161enstv\u00ed pro vzduchovky.\" \/>\n<meta property=\"og:url\" content=\"https:\/\/beast-hunter.com\/beasthunter\/\" \/>\n<meta property=\"og:site_name\" content=\"Beast Hunter\" \/>\n<meta property=\"article:modified_time\" content=\"2022-05-25T08:34:59+00:00\" \/>\n<meta property=\"og:image\" content=\"https:\/\/beast-hunter.com\/beasthunter\/wp-content\/uploads\/2021\/08\/OUTDOOR-1-1024x539.jpg\" \/>\n<meta name=\"twitter:card\" content=\"summary_large_image\" \/>\n<meta name=\"twitter:label1\" content=\"Odhadovan\u00e1 doba \u010dten\u00ed\" \/>\n\t<meta name=\"twitter:data1\" content=\"1 minuta\" \/>\n<script type=\"application\/ld+json\" class=\"yoast-schema-graph\">{\"@context\":\"https:\/\/schema.org\",\"@graph\":[{\"@type\":\"Organization\",\"@id\":\"https:\/\/beast-hunter.com\/beasthunter\/#organization\",\"name\":\"Beast-Hunter\",\"url\":\"https:\/\/beast-hunter.com\/beasthunter\/\",\"sameAs\":[],\"logo\":{\"@type\":\"ImageObject\",\"@id\":\"https:\/\/beast-hunter.com\/beasthunter\/#logo\",\"inLanguage\":\"cs\",\"url\":\"https:\/\/beast-hunter.com\/beasthunter\/wp-content\/uploads\/2021\/03\/beast.hunter.kuse_.logo_.png\",\"contentUrl\":\"https:\/\/beast-hunter.com\/beasthunter\/wp-content\/uploads\/2021\/03\/beast.hunter.kuse_.logo_.png\",\"width\":1784,\"height\":320,\"caption\":\"Beast-Hunter\"},\"image\":{\"@id\":\"https:\/\/beast-hunter.com\/beasthunter\/#logo\"}},{\"@type\":\"WebSite\",\"@id\":\"https:\/\/beast-hunter.com\/beasthunter\/#website\",\"url\":\"https:\/\/beast-hunter.com\/beasthunter\/\",\"name\":\"Beast Hunter\",\"description\":\"Luky, ku\u0161e, dopl\u0148ky pro st\u0159elbu a outdoor\",\"publisher\":{\"@id\":\"https:\/\/beast-hunter.com\/beasthunter\/#organization\"},\"potentialAction\":[{\"@type\":\"SearchAction\",\"target\":{\"@type\":\"EntryPoint\",\"urlTemplate\":\"https:\/\/beast-hunter.com\/beasthunter\/?s={search_term_string}\"},\"query-input\":\"required name=search_term_string\"}],\"inLanguage\":\"cs\"},{\"@type\":\"ImageObject\",\"@id\":\"https:\/\/beast-hunter.com\/beasthunter\/#primaryimage\",\"inLanguage\":\"cs\",\"url\":\"https:\/\/beast-hunter.com\/beasthunter\/wp-content\/uploads\/2021\/08\/OUTDOOR-1.jpg\",\"contentUrl\":\"https:\/\/beast-hunter.com\/beasthunter\/wp-content\/uploads\/2021\/08\/OUTDOOR-1.jpg\",\"width\":2000,\"height\":1052},{\"@type\":\"WebPage\",\"@id\":\"https:\/\/beast-hunter.com\/beasthunter\/#webpage\",\"url\":\"https:\/\/beast-hunter.com\/beasthunter\/\",\"name\":\"Luky, ku\u0161e, dopl\u0148ky pro st\u0159elbu a outdoor - Beast Hunter\",\"isPartOf\":{\"@id\":\"https:\/\/beast-hunter.com\/beasthunter\/#website\"},\"primaryImageOfPage\":{\"@id\":\"https:\/\/beast-hunter.com\/beasthunter\/#primaryimage\"},\"datePublished\":\"2021-08-26T06:55:00+00:00\",\"dateModified\":\"2022-05-25T08:34:59+00:00\",\"description\":\"Beast Hunter nab\u00edz\u00ed \u0161irok\u00fd sortiment zam\u011b\u0159en\u00fd na lukost\u0159elbu, ku\u0161ost\u0159elbu, outdoor dopl\u0148ky a p\u0159\u00edslu\u0161enstv\u00ed pro vzduchovky.\",\"breadcrumb\":{\"@id\":\"https:\/\/beast-hunter.com\/beasthunter\/#breadcrumb\"},\"inLanguage\":\"cs\",\"potentialAction\":[{\"@type\":\"ReadAction\",\"target\":[\"https:\/\/beast-hunter.com\/beasthunter\/\"]}]},{\"@type\":\"BreadcrumbList\",\"@id\":\"https:\/\/beast-hunter.com\/beasthunter\/#breadcrumb\",\"itemListElement\":[{\"@type\":\"ListItem\",\"position\":1,\"name\":\"Dom\u016f\",\"item\":\"https:\/\/beast-hunter.com\/beasthunter\/\"},{\"@type\":\"ListItem\",\"position\":2,\"name\":\"Luky, ku\u0161e, dopl\u0148ky pro st\u0159elbu a outdoor\"}]}]}<\/script>\n<!-- \/ Yoast SEO plugin. -->","yoast_head_json":{"title":"Luky, ku\u0161e, dopl\u0148ky pro st\u0159elbu a outdoor - Beast Hunter","description":"Beast Hunter nab\u00edz\u00ed \u0161irok\u00fd sortiment zam\u011b\u0159en\u00fd na lukost\u0159elbu, ku\u0161ost\u0159elbu, outdoor dopl\u0148ky a p\u0159\u00edslu\u0161enstv\u00ed pro vzduchovky.","robots":{"index":"index","follow":"follow","max-snippet":"max-snippet:-1","max-image-preview":"max-image-preview:large","max-video-preview":"max-video-preview:-1"},"canonical":"https:\/\/beast-hunter.com\/beasthunter\/","og_locale":"cs_CZ","og_type":"article","og_title":"Luky, ku\u0161e, dopl\u0148ky pro st\u0159elbu a outdoor - Beast Hunter","og_description":"Beast Hunter nab\u00edz\u00ed \u0161irok\u00fd sortiment zam\u011b\u0159en\u00fd na lukost\u0159elbu, ku\u0161ost\u0159elbu, outdoor dopl\u0148ky a p\u0159\u00edslu\u0161enstv\u00ed pro vzduchovky.","og_url":"https:\/\/beast-hunter.com\/beasthunter\/","og_site_name":"Beast Hunter","article_modified_time":"2022-05-25T08:34:59+00:00","og_image":[{"url":"https:\/\/beast-hunter.com\/beasthunter\/wp-content\/uploads\/2021\/08\/OUTDOOR-1-1024x539.jpg"}],"twitter_card":"summary_large_image","twitter_misc":{"Odhadovan\u00e1 doba \u010dten\u00ed":"1 minuta"},"schema":{"@context":"https:\/\/schema.org","@graph":[{"@type":"Organization","@id":"https:\/\/beast-hunter.com\/beasthunter\/#organization","name":"Beast-Hunter","url":"https:\/\/beast-hunter.com\/beasthunter\/","sameAs":[],"logo":{"@type":"ImageObject","@id":"https:\/\/beast-hunter.com\/beasthunter\/#logo","inLanguage":"cs","url":"https:\/\/beast-hunter.com\/beasthunter\/wp-content\/uploads\/2021\/03\/beast.hunter.kuse_.logo_.png","contentUrl":"https:\/\/beast-hunter.com\/beasthunter\/wp-content\/uploads\/2021\/03\/beast.hunter.kuse_.logo_.png","width":1784,"height":320,"caption":"Beast-Hunter"},"image":{"@id":"https:\/\/beast-hunter.com\/beasthunter\/#logo"}},{"@type":"WebSite","@id":"https:\/\/beast-hunter.com\/beasthunter\/#website","url":"https:\/\/beast-hunter.com\/beasthunter\/","name":"Beast Hunter","description":"Luky, ku\u0161e, dopl\u0148ky pro st\u0159elbu a outdoor","publisher":{"@id":"https:\/\/beast-hunter.com\/beasthunter\/#organization"},"potentialAction":[{"@type":"SearchAction","target":{"@type":"EntryPoint","urlTemplate":"https:\/\/beast-hunter.com\/beasthunter\/?s={search_term_string}"},"query-input":"required name=search_term_string"}],"inLanguage":"cs"},{"@type":"ImageObject","@id":"https:\/\/beast-hunter.com\/beasthunter\/#primaryimage","inLanguage":"cs","url":"https:\/\/beast-hunter.com\/beasthunter\/wp-content\/uploads\/2021\/08\/OUTDOOR-1.jpg","contentUrl":"https:\/\/beast-hunter.com\/beasthunter\/wp-content\/uploads\/2021\/08\/OUTDOOR-1.jpg","width":2000,"height":1052},{"@type":"WebPage","@id":"https:\/\/beast-hunter.com\/beasthunter\/#webpage","url":"https:\/\/beast-hunter.com\/beasthunter\/","name":"Luky, ku\u0161e, dopl\u0148ky pro st\u0159elbu a outdoor - Beast Hunter","isPartOf":{"@id":"https:\/\/beast-hunter.com\/beasthunter\/#website"},"primaryImageOfPage":{"@id":"https:\/\/beast-hunter.com\/beasthunter\/#primaryimage"},"datePublished":"2021-08-26T06:55:00+00:00","dateModified":"2022-05-25T08:34:59+00:00","description":"Beast Hunter nab\u00edz\u00ed \u0161irok\u00fd sortiment zam\u011b\u0159en\u00fd na lukost\u0159elbu, ku\u0161ost\u0159elbu, outdoor dopl\u0148ky a p\u0159\u00edslu\u0161enstv\u00ed pro vzduchovky.","breadcrumb":{"@id":"https:\/\/beast-hunter.com\/beasthunter\/#breadcrumb"},"inLanguage":"cs","potentialAction":[{"@type":"ReadAction","target":["https:\/\/beast-hunter.com\/beasthunter\/"]}]},{"@type":"BreadcrumbList","@id":"https:\/\/beast-hunter.com\/beasthunter\/#breadcrumb","itemListElement":[{"@type":"ListItem","position":1,"name":"Dom\u016f","item":"https:\/\/beast-hunter.com\/beasthunter\/"},{"@type":"ListItem","position":2,"name":"Luky, ku\u0161e, dopl\u0148ky pro st\u0159elbu a outdoor"}]}]}},"_links":{"self":[{"href":"https:\/\/beast-hunter.com\/beasthunter\/wp-json\/wp\/v2\/pages\/1851","targetHints":{"allow":["GET"]}}],"collection":[{"href":"https:\/\/beast-hunter.com\/beasthunter\/wp-json\/wp\/v2\/pages"}],"about":[{"href":"https:\/\/beast-hunter.com\/beasthunter\/wp-json\/wp\/v2\/types\/page"}],"author":[{"embeddable":true,"href":"https:\/\/beast-hunter.com\/beasthunter\/wp-json\/wp\/v2\/users\/1"}],"replies":[{"embeddable":true,"href":"https:\/\/beast-hunter.com\/beasthunter\/wp-json\/wp\/v2\/comments?post=1851"}],"version-history":[{"count":63,"href":"https:\/\/beast-hunter.com\/beasthunter\/wp-json\/wp\/v2\/pages\/1851\/revisions"}],"predecessor-version":[{"id":3179,"href":"https:\/\/beast-hunter.com\/beasthunter\/wp-json\/wp\/v2\/pages\/1851\/revisions\/3179"}],"wp:attachment":[{"href":"https:\/\/beast-hunter.com\/beasthunter\/wp-json\/wp\/v2\/media?parent=1851"}],"curies":[{"name":"wp","href":"https:\/\/api.w.org\/{rel}","templated":true}]}}